{"id":3,"date":"2025-12-08T08:43:45","date_gmt":"2025-12-08T08:43:45","guid":{"rendered":"http:\/\/assofpe.fr\/?page_id=3"},"modified":"2025-12-17T22:47:25","modified_gmt":"2025-12-17T21:47:25","slug":"privacy-policy","status":"publish","type":"page","link":"https:\/\/assofpe.fr\/index.php\/privacy-policy\/","title":{"rendered":"Politique de confidentialit\u00e9"},"content":{"rendered":"\n<h2 class=\"wp-block-heading\"><strong>Introduction et importance de la protection de votre vie priv\u00e9e &nbsp;<\/strong><\/h2>\n\n\n\n<p>AssoConnect d\u00e9veloppe la solution logiciel AssoConnect qui permet notamment \u00e0 ses Clients de cr\u00e9er des sites Internet consultables sur ordinateurs, tablettes et smartphones, de mettre des informations en ligne et de les mettre \u00e0 jour, de g\u00e9rer les relations entre les organisations et leurs membres ou adh\u00e9rents, d&rsquo;enregistrer des \u00e9criture comptables et de produire des documents comptables de base, de mettre \u00e0 disposition certains services au profit des membres ou adh\u00e9rents et d&rsquo;effectuer des paiements en ligne dont le paiement des cotisations.<\/p>\n\n\n\n<p>Chez AssoConnect, nous nous engageons \u00e0 prot\u00e9ger votre vie priv\u00e9e. Cette Politique de Confidentialit\u00e9 est importante pour nous. Elle s&rsquo;applique \u00e0 l\u2019ensemble de nos sites web et notre service d&rsquo;abonnement. Elle r\u00e9git nos pratiques de collecte, de traitement et d&rsquo;utilisation des donn\u00e9es. L\u2019utilisation de notre service vaut acceptation de cette Politique de Confidentialit\u00e9.<\/p>\n\n\n\n<p>La Politique de Confidentialit\u00e9 peut \u00eatre susceptible d\u2019\u00e9voluer. Nous publierons toute modification de cette politique sur cette page. Bien que nous vous informions de tout changement important \u00e0 cette Politique de Confidentialit\u00e9, nous vous encourageons \u00e0 consulter cette derni\u00e8re p\u00e9riodiquement.<\/p>\n\n\n\n<p>Si vous avez des questions au sujet de cette Politique de Confidentialit\u00e9 ou sur le traitement de vos Donn\u00e9es Personnelles, contactez-nous \u00e0 l\u2019adresse mail suivante dpo@assoconnect.com.<\/p>\n\n\n\n<p><strong>Utilisation des donn\u00e9es par AssoConnect et nos clients&nbsp;<\/strong><\/p>\n\n\n\n<p><strong>Utilisation par AssoConnect<\/strong><\/p>\n\n\n\n<p>AssoConnect utilise vos Donn\u00e9es Personnelles tel que nous le d\u00e9crivons ci-dessous.<\/p>\n\n\n\n<p><strong>Utilisation par nos clients<\/strong><\/p>\n\n\n\n<p>Les Clients d\u2019AssoConnect ayant souscrit \u00e0 notre service d\u2019abonnement sont susceptibles de collecter et de traiter des donn\u00e9es vous concernant. Assoconnect ne contr\u00f4le pas et n\u2019est pas responsable des donn\u00e9es collect\u00e9es. Les donn\u00e9es collect\u00e9es leur appartiennent et ne sont pas sujets \u00e0 notre Politique de Confidentialit\u00e9.<\/p>\n\n\n\n<p>AssoConnect s\u2019engage \u00e0 respecter le R\u00e8glement G\u00e9n\u00e9ral sur la Protection des Donn\u00e9es en tant que sous-traitant de nos Clients et \u00e0 appliquer les m\u00eames standards en termes de politique de confidentialit\u00e9 sur les donn\u00e9es des utilisateurs que pour les donn\u00e9es de nos clients.<\/p>\n\n\n\n<p><strong>Quand vous visitez notre site internet<\/strong><\/p>\n\n\n\n<p>Vous \u00eates libre d\u2019explorer notre site vitrine sans fournir vos Donn\u00e9es Personnelles. Lorsque vous visitez notre site internet ou lorsque vous souscrivez au service AssoConnect, nous vous demandons de renseigner des Donn\u00e9es Personnelles (nom, pr\u00e9nom, email, num\u00e9ro de t\u00e9l\u00e9phone, etc.) et nous collectons des Informations de Navigation.<\/p>\n\n\n\n<p><strong>Quand vous utilisez l&rsquo;application<\/strong><\/p>\n\n\n\n<p>Lorsque vous utilisez le logiciel AssoConnect, nous collectons certaines Donn\u00e9es Personnelles et de Navigation qui nous permettent de comprendre l\u2019utilisation que vous faites du logiciel et de vous accompagner dans son utilisation.<br>Les Donn\u00e9es Personnelles sont des donn\u00e9es telles que votre nom, votre pr\u00e9nom, vos informations de contact.<br>Les Donn\u00e9es de Navigation sont des informations telles que votre degr\u00e9 d\u2019utilisation du logiciel, les \u00e9v\u00e9nements qui ont lieu au sein du logiciel, des donn\u00e9es relatives \u00e0 la performance.<\/p>\n\n\n\n<p>Nous nous engageons \u00e0 garantir la confidentialit\u00e9 des Donn\u00e9es Personnelles et Donn\u00e9es de Navigation trait\u00e9es dans le cadre des Conditions G\u00e9n\u00e9rales en ne permettant d\u2019y acc\u00e9der ou d\u2019en avoir communication qu\u2019aux seules personnes (y compris s\u2019il s\u2019agit des employ\u00e9s, ou le cas \u00e9ch\u00e9ant de sous-traitants ou autre prestataires) d\u00fbment autoris\u00e9es et qui justifient en tout \u00e9tat de cause d\u2019une n\u00e9cessit\u00e9 au regard de leurs fonctions \u00e0 y avoir acc\u00e8s ou d\u2019en avoir communication pour les besoins de l\u2019ex\u00e9cution des Conditions G\u00e9n\u00e9rales.<\/p>\n\n\n\n<p><strong>Gestion des logs<\/strong><\/p>\n\n\n\n<p>Lorsque vous utilisez nos services, nous collectons automatiquement des informations telles que votre adresse IP, votre type de navigateur, les fichiers consult\u00e9s sur notre site (pages HTML, etc.). Ces informations sont utilis\u00e9es par AssoConnect pour maintenir la qualit\u00e9 du service et pour fournir des statistiques g\u00e9n\u00e9rales concernant l\u2019utilisation du service web AssoConnect. A ces fins, nous lions ces donn\u00e9es collect\u00e9es automatiquement \u00e0 des informations personnelles telles que le nom, l\u2019adresse e-mail, l\u2019adresse et le num\u00e9ro de t\u00e9l\u00e9phone.<\/p>\n\n\n\n<p><strong>Comment nous utilisons les donn\u00e9es collect\u00e9es&nbsp;<\/strong><\/p>\n\n\n\n<p><strong>Conformit\u00e9 du traitement avec notre politique de traitement des donn\u00e9es<\/strong><\/p>\n\n\n\n<p>Les donn\u00e9es collect\u00e9es sont utilis\u00e9es uniquement en conformit\u00e9 avec la notre Politique de Confidentialit\u00e9. Les Clients utilisateurs de nos services sont tenus de se conformer \u00e0 cette politique de confidentialit\u00e9.<\/p>\n\n\n\n<p><strong>Nous ne vendons pas vos d\u2019informations<\/strong><\/p>\n\n\n\n<p>Nous ne vendons pas les informations personnelles \u00e0 un tiers partie.<\/p>\n\n\n\n<p><strong>Utilisation de vos donn\u00e9es personnelles<\/strong><\/p>\n\n\n\n<p>En compl\u00e9ment de l\u2019utilisation des Donn\u00e9es Personnelles \u00e9nonc\u00e9e par ailleurs dans la Politique de Confidentialit\u00e9, nous pouvons utiliser vos donn\u00e9es personnelles dans le but de :<\/p>\n\n\n\n<p>&#8211; Permettre la bonne tenue du Service,<br>&#8211; Am\u00e9liorer votre exp\u00e9rience utilisateur,<br>&#8211; R\u00e9pondre aux requ\u00eates des Clients \u00e0 travers notre service Support,<br>&#8211; Vous envoyer des informations ou contenu Marketing AssoConnect qui pourrait sensiblement vous int\u00e9resser par mail, post in-app, ou tout autre moyen (exemple : les guides pratiques sur la gestion de votre organisation, du contenu d\u2019aide, des nouveaut\u00e9s sur le logiciel,etc.),<br>&#8211; Promouvoir l&rsquo;utilisation de nos services et partager du contenu promotionnel en accord avec vos pr\u00e9f\u00e9rences de communication,<br>&#8211; Fournir \u00e0 d\u2019autres entreprises des donn\u00e9es statistiques sur nos utilisateurs. A noter que cette utilisation n&rsquo;est effectu\u00e9e qu\u2019\u00e0 des fins statistiques et ne permettrons pas d\u2019identifier un utilisateur de mani\u00e8re individuelle,<br>&#8211; R\u00e9pondre aux exigences l\u00e9gales.<\/p>\n\n\n\n<p><strong>Utilisation des donn\u00e9es de navigation<\/strong><\/p>\n\n\n\n<p>Nous utilisons vos informations de navigation pour exploiter et am\u00e9liorer les services que nous vous offrons. Nous pouvons \u00e9galement utiliser l&rsquo;information de navigation seule ou en combinaison avec des informations personnelles pour vous fournir des informations personnalis\u00e9es sur AssoConnect.<\/p>\n\n\n\n<p><strong>T\u00e9moignages clients<\/strong><\/p>\n\n\n\n<p>Nous publions des t\u00e9moignages de clients et des commentaires sur nos diff\u00e9rents supports de communication. Ces t\u00e9moignages peuvent \u00eatre associ\u00e9s \u00e0 des Donn\u00e9es Personnelles. Nous obtenons le consentement de chaque client avant d&rsquo;afficher les informations personnelles et le t\u00e9moignage du client.<\/p>\n\n\n\n<p><strong>Utilisation des Donn\u00e9es Bancaires<\/strong><\/p>\n\n\n\n<p>Nous utilisons vos Donn\u00e9es Bancaires (Carte Bancaire ou IBAN\/BIC de vos comptes) \u00e0 plusieurs fins :<\/p>\n\n\n\n<p>&#8211; AssoConnect collecte des Donn\u00e9e Bancaires des Clients afin d&rsquo;op\u00e9rer les paiements des abonnements et services pour les clients au service,<br>&#8211; AssoConnect offre \u00e0 ses Clients un service de collecte de paiement d\u00e9mat\u00e9rialis\u00e9 et en ligne (pour les cotisations, les dons, ou toute autre prestation de service aupr\u00e8s des membres de l&rsquo;association). Dans ce cadre, nous collectons les Donn\u00e9es Bancaires pour r\u00e9aliser ces op\u00e9rations au nom du client.<\/p>\n\n\n\n<p>Nous utilisons ces donn\u00e9es uniquement pour percevoir les paiements de votre part. Nous utilisons un fournisseur de service tiers pour op\u00e9rer ces traitements.&nbsp;<a href=\"https:\/\/www.adyen.com\/privacy-policy\" target=\"_blank\" rel=\"noreferrer noopener\">Plus de d\u00e9tails disponibles sur leur site.<\/a><\/p>\n\n\n\n<p><strong>S\u00e9curit\u00e9 de vos donn\u00e9es personnelles<\/strong><\/p>\n\n\n\n<p>Nous utilisons plusieurs technologies et proc\u00e9dures de s\u00e9curit\u00e9 pour prot\u00e9ger vos Donn\u00e9es Personnelles contre tout acc\u00e8s, utilisation ou divulgation non autoris\u00e9s. Nous s\u00e9curisons les Donn\u00e9es Personnelles que vous nous fournissez sur des serveurs informatiques contr\u00f4l\u00e9s et s\u00e9curis\u00e9s. Toutes les Donn\u00e9es Personnelles sont prot\u00e9g\u00e9es en utilisant des mesures physiques, techniques et organisationnelles appropri\u00e9es.<\/p>\n\n\n\n<p>En savoir plus sur notre&nbsp;<a href=\"https:\/\/www.assoconnect.com\/faq\/\">Politique de s\u00e9curit\u00e9<\/a>.<\/p>\n\n\n\n<p><strong>Conservation des donn\u00e9es<\/strong><\/p>\n\n\n\n<p>La dur\u00e9e de conservation des donn\u00e9es d\u00e9pend du type d\u2019information. Pass\u00e9 ce d\u00e9lai, nous supprimerons ou anonymiserons vos informations ou, si cela n&rsquo;est pas possible, nous stockerons vos informations en toute s\u00e9curit\u00e9 et les isolerons de toute utilisation ult\u00e9rieure jusqu&rsquo;\u00e0 ce que la suppression soit possible.<\/p>\n\n\n\n<p>Si vous fournissez des informations \u00e0 nos clients dans le cadre de leur utilisation du service d&rsquo;abonnement, nos clients d\u00e9cident du d\u00e9lai de conservation des informations personnelles qu&rsquo;ils collectent aupr\u00e8s de vous. Apr\u00e8s la r\u00e9siliation, nous pouvons, sauf interdiction l\u00e9gale, supprimer toutes les informations du client, y compris vos informations personnelles, du service d&rsquo;abonnement.<\/p>\n\n\n\n<p><strong>Partage et utilisation des donn\u00e9es<\/strong><\/p>\n\n\n\n<p>AssoConnect fait partie du groupe team.blue et a une responsabilit\u00e9 conjointe avec team.blue N.V pour certains traitements de donn\u00e9es personnelles. Le groupe team.blue, dirig\u00e9 par team.blue N.V., comprenant plusieurs marques et filiales, est susceptible de partager des Donn\u00e9es Personnelles en interne afin d&rsquo;am\u00e9liorer la coordination et l&rsquo;allocation des ressources. Cela permet une collaboration plus efficace \u00e0 des fins d&rsquo;am\u00e9lioration des produits, des campagnes et du service client. Les Donn\u00e9es Personnelles telles que les coordonn\u00e9es, les informations sur les utilisateurs, la facturation et les achats peuvent \u00eatre partag\u00e9es avec team.blue N.V. \u00e0 des fins de statistiques marketing, d&rsquo;administration interne et de reporting, mais uniquement dans la mesure n\u00e9cessaire \u00e0 l&rsquo;usage pr\u00e9vu et en mettant en \u0153uvre des mesures de protection appropri\u00e9es pour emp\u00eacher tout acc\u00e8s ou divulgation non autoris\u00e9s.<\/p>\n\n\n\n<p>Dans le cadre de nos op\u00e9rations marketing et dans l&rsquo;int\u00e9r\u00eat l\u00e9gitime de AssoConnect, nous sommes susceptibles d&rsquo;envoyer \u00e0 nos clients des e-mails ou des SMS faisant la promotion de produits ou services analogues, conform\u00e9ment \u00e0 l\u2019exception \u00e0 l\u2019opt-in pr\u00e9vue par le code des postes et des communications \u00e9lectroniques. Cette exception nous permet de contacter nos clients existants pour leur proposer des offres de produits ou services similaires \u00e0 ceux qu&rsquo;ils ont d\u00e9j\u00e0 achet\u00e9s chez nous.<\/p>\n\n\n\n<p><strong>Politique relative aux cookies et autres technologies&nbsp;<\/strong><\/p>\n\n\n\n<p><strong>Cookies<\/strong><\/p>\n\n\n\n<p>AssoConnect et ses fournisseurs utilisent des cookies pour administrer le Service AssoConnect, enregistrer la navigation de l\u2019utilisateur sur notre service ou nos sites web.<\/p>\n\n\n\n<p>Voir&nbsp;<a href=\"https:\/\/assoconnect.notion.site\/Les-cookies-chez-AssoConnect-a754744b99f247859c7851224fba97cf\" target=\"_blank\" rel=\"noreferrer noopener\">Les cookies chez AssoConnect<\/a><\/p>\n\n\n\n<p><strong>Donn\u00e9es de Navigation collect\u00e9es par nos clients<\/strong><\/p>\n\n\n\n<p>Nos clients sont susceptibles de collecter vos donn\u00e9es de navigation lorsque vous consultez leurs pages internet, ceci en utilisant nos outils de tracking ou des outils tiers. AssoConnect ne contr\u00f4le pas l\u2019utilisation qui en est faite.<\/p>\n\n\n\n<p><strong>Comment acc\u00e9der et contr\u00f4ler vos donn\u00e9es personnelles<\/strong><\/p>\n\n\n\n<p>Vous disposez des droits de protection des donn\u00e9es suivants :<\/p>\n\n\n\n<p>&#8211; Vous pouvez demander l&rsquo;acc\u00e8s ou la suppression de vos Donn\u00e9es Personnelles.<br>&#8211; Vous pouvez vous opposer au traitement de vos Donn\u00e9es Personnelles, nous demander de restreindre le traitement de vos informations personnelles ou demander la portabilit\u00e9 de vos informations personnelles.<br>&#8211; Si nous avons collect\u00e9 et trait\u00e9 vos Donn\u00e9es Personnelles avec votre consentement, vous pouvez retirer votre consentement \u00e0 tout moment. Le retrait de votre consentement n&rsquo;affectera pas la l\u00e9galit\u00e9 de tout traitement que nous avons effectu\u00e9 avant votre retrait, ni le traitement de vos informations personnelles effectu\u00e9es sur la base de motifs de traitement l\u00e9gaux autres que le consentement.<\/p>\n\n\n\n<p>Pour exercer l&rsquo;un de ces droits, veuillez nous contacter \u00e0 dpo@assoconnect.com ou par courrier \u00e0 AssoConnect, 9 rue des colonnes, 75002 Paris.<\/p>\n\n\n\n<p><strong>Plus d&rsquo;information<\/strong><\/p>\n\n\n\n<p>Si vous avez des questions au sujet de cette Politique de Confidentialit\u00e9 ou sur le traitement de vos Donn\u00e9es Personnelles, , AssoConnect a nomm\u00e9 un Data Protection Officer (DPO) en la personne de Michel Leclerc du cabinet Parallel Avocats.<\/p>\n","protected":false},"excerpt":{"rendered":"<p>Introduction et importance de la protection de votre vie priv\u00e9e &nbsp; AssoConnect d\u00e9veloppe la solution logiciel AssoConnect qui permet notamment \u00e0 ses Clients de cr\u00e9er des sites Internet consultables sur ordinateurs, tablettes et smartphones, de mettre des informations en ligne et de les mettre \u00e0 jour, de g\u00e9rer les relations entre les organisations et leurs [&hellip;]<\/p>\n","protected":false},"author":1,"featured_media":0,"parent":0,"menu_order":0,"comment_status":"closed","ping_status":"closed","template":"","meta":{"footnotes":""},"class_list":["post-3","page","type-page","status-publish","hentry"],"_links":{"self":[{"href":"https:\/\/assofpe.fr\/index.php\/wp-json\/wp\/v2\/pages\/3","targetHints":{"allow":["GET"]}}],"collection":[{"href":"https:\/\/assofpe.fr\/index.php\/wp-json\/wp\/v2\/pages"}],"about":[{"href":"https:\/\/assofpe.fr\/index.php\/wp-json\/wp\/v2\/types\/page"}],"author":[{"embeddable":true,"href":"https:\/\/assofpe.fr\/index.php\/wp-json\/wp\/v2\/users\/1"}],"replies":[{"embeddable":true,"href":"https:\/\/assofpe.fr\/index.php\/wp-json\/wp\/v2\/comments?post=3"}],"version-history":[{"count":3,"href":"https:\/\/assofpe.fr\/index.php\/wp-json\/wp\/v2\/pages\/3\/revisions"}],"predecessor-version":[{"id":20,"href":"https:\/\/assofpe.fr\/index.php\/wp-json\/wp\/v2\/pages\/3\/revisions\/20"}],"wp:attachment":[{"href":"https:\/\/assofpe.fr\/index.php\/wp-json\/wp\/v2\/media?parent=3"}],"curies":[{"name":"wp","href":"https:\/\/api.w.org\/{rel}","templated":true}]}}