{"id":2,"date":"2025-12-08T11:43:45","date_gmt":"2025-12-08T10:43:45","guid":{"rendered":"http:\/\/assofpe.fr\/?page_id=2"},"modified":"2025-12-08T12:16:53","modified_gmt":"2025-12-08T11:16:53","slug":"accueil-afpe","status":"publish","type":"page","link":"https:\/\/assofpe.fr\/","title":{"rendered":"Bienvenue !"},"content":{"rendered":"\n<p>Cette page est d\u00e9di\u00e9e \u00e0 la collecte des fonds de l&rsquo;AFPE &#8211; Association de Financement pour la Participation aux Elections.<\/p>\n\n\n\n<p>Pour effectuer un don, cliquez sur l&rsquo;image ou flashez le QRcode ci-dessous <\/p>\n\n\n\n<p>Nous vous remercions pour votre soutien et votre g\u00e9n\u00e9rosit\u00e9.<\/p>\n\n\n\n<blockquote class=\"wp-block-quote is-layout-flow wp-block-quote-is-layout-flow\">\n<figure class=\"wp-block-image aligncenter size-full\"><a href=\"https:\/\/l-engagement.assoconnect.com\/collect\/description\/648017-r-participation-aux-elections\"><img loading=\"lazy\" decoding=\"async\" width=\"355\" height=\"142\" src=\"https:\/\/assofpe.fr\/wp-content\/uploads\/2025\/12\/election.png\" alt=\"\" class=\"wp-image-8\" srcset=\"https:\/\/assofpe.fr\/wp-content\/uploads\/2025\/12\/election.png 355w, https:\/\/assofpe.fr\/wp-content\/uploads\/2025\/12\/election-300x120.png 300w\" sizes=\"auto, (max-width: 355px) 100vw, 355px\" \/><\/a><\/figure>\n<\/blockquote>\n\n\n\n<figure class=\"wp-block-image aligncenter size-full\"><img loading=\"lazy\" decoding=\"async\" width=\"220\" height=\"220\" src=\"https:\/\/assofpe.fr\/wp-content\/uploads\/2025\/12\/qrcodeafpe.png\" alt=\"\" class=\"wp-image-10\" srcset=\"https:\/\/assofpe.fr\/wp-content\/uploads\/2025\/12\/qrcodeafpe.png 220w, https:\/\/assofpe.fr\/wp-content\/uploads\/2025\/12\/qrcodeafpe-150x150.png 150w\" sizes=\"auto, (max-width: 220px) 100vw, 220px\" \/><\/figure>\n\n\n\n<h2 class=\"wp-block-heading\"><strong>Dons et cotisations concern\u00e9s<\/strong><\/h2>\n\n\n\n<p>Vous b\u00e9n\u00e9ficiez d&rsquo;une r\u00e9duction d&rsquo;imp\u00f4t pour les versements suivants :<\/p>\n\n\n\n<ul class=\"wp-block-list\">\n<li>Dons vers\u00e9s \u00e0 une association agr\u00e9\u00e9e de financement \u00e9lectoral ou un mandataire financier pour le financement d&rsquo;une campagne \u00e9lectorale, et inscrits au compte de campagne d&rsquo;un candidat ou d&rsquo;une liste<\/li>\n\n\n\n<li>Dons vers\u00e9s \u00e0 une association agr\u00e9\u00e9e de financement d&rsquo;un parti politique<\/li>\n\n\n\n<li>Cotisations vers\u00e9es aux partis et groupements politiques<\/li>\n<\/ul>\n\n\n\n<p>Les dons de plus de&nbsp;150&nbsp;\u20ac&nbsp;doivent \u00eatre effectu\u00e9s d\u00e9finitivement et sans contrepartie, par l&rsquo;un des moyens suivants&nbsp;:<\/p>\n\n\n\n<ul class=\"wp-block-list\">\n<li>Virement<\/li>\n\n\n\n<li>Pr\u00e9l\u00e8vement automatique<\/li>\n\n\n\n<li>Carte bancaire<\/li>\n<\/ul>\n\n\n\n<h3 class=\"wp-block-heading\"><strong>Versements au profit d&rsquo;un parti ou groupement politique<\/strong><\/h3>\n\n\n\n<p>Les dons ne peuvent pas d\u00e9passer&nbsp;7&nbsp;500&nbsp;\u20ac&nbsp;par personne.<\/p>\n\n\n\n<p>De plus, le montant des dons et des cotisations vers\u00e9s aux partis et groupements politiques est plafonn\u00e9 \u00e0&nbsp;15&nbsp;000&nbsp;\u20ac&nbsp;par an et par foyer fiscal.<\/p>\n\n\n\n<h3 class=\"wp-block-heading\"><strong>Versements au profit d&rsquo;un ou de plusieurs candidats<\/strong><\/h3>\n\n\n\n<p>Les dons ne peuvent pas d\u00e9passer&nbsp;4&nbsp;600&nbsp;\u20ac&nbsp;par \u00e9lection.<\/p>\n\n\n\n<h3 class=\"wp-block-heading\"><strong>Montant de la r\u00e9duction<\/strong><\/h3>\n\n\n\n<p>La r\u00e9duction est \u00e9gale \u00e0&nbsp;66&nbsp;%&nbsp;des sommes vers\u00e9es dans la limite de&nbsp;20&nbsp;%&nbsp;du revenu imposable.<\/p>\n\n\n\n<h3 class=\"wp-block-heading\"><strong>Report des dons d\u00e9passant la limite annuelle<\/strong><\/h3>\n\n\n\n<p>Lorsque le montant des dons d\u00e9passe la limite de&nbsp;20&nbsp;%&nbsp;du revenu imposable, l&rsquo;exc\u00e9dent est report\u00e9 sur les 5 ann\u00e9es suivantes et ouvre droit \u00e0 la r\u00e9duction d&rsquo;imp\u00f4t dans les m\u00eames conditions.<\/p>\n\n\n\n<p>En cas de nouveaux versements, les exc\u00e9dents report\u00e9s ouvrent droit \u00e0 la r\u00e9duction d&rsquo;imp\u00f4t avant les versements de l&rsquo;ann\u00e9e. Les exc\u00e9dents les plus anciens sont retenus en priorit\u00e9.<\/p>\n\n\n\n<p><strong>\u00c0 noter :&nbsp;<\/strong>la partie des dons et cotisations qui d\u00e9passe&nbsp;15&nbsp;000&nbsp;\u20ac&nbsp;ne peut pas \u00eatre report\u00e9e sur les ann\u00e9es suivantes.<\/p>\n\n\n\n<h3 class=\"wp-block-heading\"><strong>Comment d\u00e9clarer ?<\/strong><\/h3>\n\n\n\n<p>Les re\u00e7us fiscaux sont d\u00e9livr\u00e9s par la Commission Nationale des Comptes de Campagne et des Financements Publics en juin&nbsp;pour les dons et cotisations de l&rsquo;ann\u00e9e pr\u00e9c\u00e9dente. Il n&rsquo;est pas n\u00e9cessaire de les joindre \u00e0 votre d\u00e9claration de revenus.&nbsp;Vous devez conserver les justificatifs de vos versements (<a rel=\"noreferrer noopener\" target=\"_blank\" href=\"https:\/\/www.service-public.fr\/particuliers\/vosdroits\/R17454\">re\u00e7us<\/a>) en cas de demande de l&rsquo;administration fiscale.<\/p>\n","protected":false},"excerpt":{"rendered":"<p>Cette page est d\u00e9di\u00e9e \u00e0 la collecte des fonds de l&rsquo;AFPE &#8211; Association de Financement pour la Participation aux Elections. Pour effectuer un don, cliquez sur l&rsquo;image ou flashez le QRcode ci-dessous Nous vous remercions pour votre soutien et votre g\u00e9n\u00e9rosit\u00e9. Dons et cotisations concern\u00e9s Vous b\u00e9n\u00e9ficiez d&rsquo;une r\u00e9duction d&rsquo;imp\u00f4t pour les versements suivants : [&hellip;]<\/p>\n","protected":false},"author":1,"featured_media":0,"parent":0,"menu_order":0,"comment_status":"closed","ping_status":"closed","template":"","meta":{"footnotes":""},"class_list":["post-2","page","type-page","status-publish","hentry"],"_links":{"self":[{"href":"https:\/\/assofpe.fr\/index.php\/wp-json\/wp\/v2\/pages\/2","targetHints":{"allow":["GET"]}}],"collection":[{"href":"https:\/\/assofpe.fr\/index.php\/wp-json\/wp\/v2\/pages"}],"about":[{"href":"https:\/\/assofpe.fr\/index.php\/wp-json\/wp\/v2\/types\/page"}],"author":[{"embeddable":true,"href":"https:\/\/assofpe.fr\/index.php\/wp-json\/wp\/v2\/users\/1"}],"replies":[{"embeddable":true,"href":"https:\/\/assofpe.fr\/index.php\/wp-json\/wp\/v2\/comments?post=2"}],"version-history":[{"count":2,"href":"https:\/\/assofpe.fr\/index.php\/wp-json\/wp\/v2\/pages\/2\/revisions"}],"predecessor-version":[{"id":11,"href":"https:\/\/assofpe.fr\/index.php\/wp-json\/wp\/v2\/pages\/2\/revisions\/11"}],"wp:attachment":[{"href":"https:\/\/assofpe.fr\/index.php\/wp-json\/wp\/v2\/media?parent=2"}],"curies":[{"name":"wp","href":"https:\/\/api.w.org\/{rel}","templated":true}]}}